{"id":11439,"date":"2022-04-28T09:07:10","date_gmt":"2022-04-28T07:07:10","guid":{"rendered":"https:\/\/www.bergsgard.se\/packing-tips\/"},"modified":"2025-03-18T11:56:22","modified_gmt":"2025-03-18T10:56:22","slug":"packing-tips","status":"publish","type":"page","link":"https:\/\/www.bergsgard.se\/en\/packing-tips\/","title":{"rendered":"Packing tips"},"content":{"rendered":"\t\t<div data-elementor-type=\"wp-page\" data-elementor-id=\"11439\" class=\"elementor elementor-11439 elementor-1930\" data-elementor-post-type=\"page\">\n\t\t\t\t\t\t<section data-particle_enable=\"false\" data-particle-mobile-disabled=\"false\" class=\"elementor-section elementor-top-section elementor-element elementor-element-7886ceb9 elementor-section-height-min-height elementor-section-boxed elementor-section-height-default elementor-section-items-middle\" data-id=\"7886ceb9\" data-element_type=\"section\" data-settings=\"{&quot;background_background&quot;:&quot;slideshow&quot;,&quot;background_slideshow_gallery&quot;:[{&quot;id&quot;:10185,&quot;url&quot;:&quot;https:\\\/\\\/www.bergsgard.se\\\/wp-content\\\/uploads\\\/2024\\\/03\\\/hustopp.jpg&quot;},{&quot;id&quot;:10186,&quot;url&quot;:&quot;https:\\\/\\\/www.bergsgard.se\\\/wp-content\\\/uploads\\\/2024\\\/03\\\/hustopp1.jpg&quot;}],&quot;background_slideshow_slide_duration&quot;:3500,&quot;background_slideshow_transition_duration&quot;:2500,&quot;background_slideshow_loop&quot;:&quot;yes&quot;,&quot;background_slideshow_slide_transition&quot;:&quot;fade&quot;}\">\n\t\t\t\t\t\t\t<div class=\"elementor-background-overlay\"><\/div>\n\t\t\t\t\t\t\t<div class=\"elementor-container elementor-column-gap-default\">\n\t\t\t\t\t<div class=\"elementor-column elementor-col-100 elementor-top-column elementor-element elementor-element-323850cc\" data-id=\"323850cc\" data-element_type=\"column\">\n\t\t\t<div class=\"elementor-widget-wrap elementor-element-populated\">\n\t\t\t\t\t\t<div class=\"elementor-element elementor-element-1cd5ec55 elementor-widget elementor-widget-spacer\" data-id=\"1cd5ec55\" data-element_type=\"widget\" data-widget_type=\"spacer.default\">\n\t\t\t\t<div class=\"elementor-widget-container\">\n\t\t\t<style>\/*! elementor - v3.19.0 - 28-02-2024 *\/\n.elementor-column .elementor-spacer-inner{height:var(--spacer-size)}.e-con{--container-widget-width:100%}.e-con-inner>.elementor-widget-spacer,.e-con>.elementor-widget-spacer{width:var(--container-widget-width,var(--spacer-size));--align-self:var(--container-widget-align-self,initial);--flex-shrink:0}.e-con-inner>.elementor-widget-spacer>.elementor-widget-container,.e-con>.elementor-widget-spacer>.elementor-widget-container{height:100%;width:100%}.e-con-inner>.elementor-widget-spacer>.elementor-widget-container>.elementor-spacer,.e-con>.elementor-widget-spacer>.elementor-widget-container>.elementor-spacer{height:100%}.e-con-inner>.elementor-widget-spacer>.elementor-widget-container>.elementor-spacer>.elementor-spacer-inner,.e-con>.elementor-widget-spacer>.elementor-widget-container>.elementor-spacer>.elementor-spacer-inner{height:var(--container-widget-height,var(--spacer-size))}.e-con-inner>.elementor-widget-spacer.elementor-widget-empty,.e-con>.elementor-widget-spacer.elementor-widget-empty{position:relative;min-height:22px;min-width:22px}.e-con-inner>.elementor-widget-spacer.elementor-widget-empty .elementor-widget-empty-icon,.e-con>.elementor-widget-spacer.elementor-widget-empty .elementor-widget-empty-icon{position:absolute;top:0;bottom:0;left:0;right:0;margin:auto;padding:0;width:22px;height:22px}<\/style>\t\t<div class=\"elementor-spacer\">\n\t\t\t<div class=\"elementor-spacer-inner\"><\/div>\n\t\t<\/div>\n\t\t\t\t<\/div>\n\t\t\t\t<\/div>\n\t\t\t\t\t<\/div>\n\t\t<\/div>\n\t\t\t\t\t<\/div>\n\t\t<\/section>\n\t\t\t\t<section data-particle_enable=\"false\" data-particle-mobile-disabled=\"false\" class=\"elementor-section elementor-top-section elementor-element elementor-element-4de2a4cf elementor-section-boxed elementor-section-height-default elementor-section-height-default\" data-id=\"4de2a4cf\" data-element_type=\"section\" data-settings=\"{&quot;background_background&quot;:&quot;classic&quot;}\">\n\t\t\t\t\t\t<div class=\"elementor-container elementor-column-gap-default\">\n\t\t\t\t\t<div class=\"elementor-column elementor-col-100 elementor-top-column elementor-element elementor-element-149f5daf\" data-id=\"149f5daf\" data-element_type=\"column\">\n\t\t\t<div class=\"elementor-widget-wrap elementor-element-populated\">\n\t\t\t\t\t\t<section data-particle_enable=\"false\" data-particle-mobile-disabled=\"false\" class=\"elementor-section elementor-inner-section elementor-element elementor-element-2c0133f9 elementor-section-boxed elementor-section-height-default elementor-section-height-default\" data-id=\"2c0133f9\" data-element_type=\"section\">\n\t\t\t\t\t\t<div class=\"elementor-container elementor-column-gap-default\">\n\t\t\t\t\t<div class=\"elementor-column elementor-col-50 elementor-inner-column elementor-element elementor-element-4ec327f1\" data-id=\"4ec327f1\" data-element_type=\"column\">\n\t\t\t<div class=\"elementor-widget-wrap elementor-element-populated\">\n\t\t\t\t\t\t<div class=\"elementor-element elementor-element-3f12c331 elementor-widget elementor-widget-heading\" data-id=\"3f12c331\" data-element_type=\"widget\" data-widget_type=\"heading.default\">\n\t\t\t\t<div class=\"elementor-widget-container\">\n\t\t\t<style>\/*! elementor - v3.19.0 - 28-02-2024 *\/\n.elementor-heading-title{padding:0;margin:0;line-height:1}.elementor-widget-heading .elementor-heading-title[class*=elementor-size-]>a{color:inherit;font-size:inherit;line-height:inherit}.elementor-widget-heading .elementor-heading-title.elementor-size-small{font-size:15px}.elementor-widget-heading .elementor-heading-title.elementor-size-medium{font-size:19px}.elementor-widget-heading .elementor-heading-title.elementor-size-large{font-size:29px}.elementor-widget-heading .elementor-heading-title.elementor-size-xl{font-size:39px}.elementor-widget-heading .elementor-heading-title.elementor-size-xxl{font-size:59px}<\/style><h2 class=\"elementor-heading-title elementor-size-default\">Pack correctly for your stay<\/h2>\t\t<\/div>\n\t\t\t\t<\/div>\n\t\t\t\t<div class=\"elementor-element elementor-element-47244eb3 elementor-widget elementor-widget-text-editor\" data-id=\"47244eb3\" data-element_type=\"widget\" data-widget_type=\"text-editor.default\">\n\t\t\t\t<div class=\"elementor-widget-container\">\n\t\t\t<style>\/*! elementor - v3.19.0 - 28-02-2024 *\/\n.elementor-widget-text-editor.elementor-drop-cap-view-stacked .elementor-drop-cap{background-color:#69727d;color:#fff}.elementor-widget-text-editor.elementor-drop-cap-view-framed .elementor-drop-cap{color:#69727d;border:3px solid;background-color:transparent}.elementor-widget-text-editor:not(.elementor-drop-cap-view-default) .elementor-drop-cap{margin-top:8px}.elementor-widget-text-editor:not(.elementor-drop-cap-view-default) .elementor-drop-cap-letter{width:1em;height:1em}.elementor-widget-text-editor .elementor-drop-cap{float:left;text-align:center;line-height:1;font-size:50px}.elementor-widget-text-editor .elementor-drop-cap-letter{display:inline-block}<\/style>\t\t\t\t<p>Here are some handy tips to make packing easier for your stay with us. All our accommodations have the option of self-catering, if you want to know what equipment your booked cabin has, you will find it in the cabin description, search the cottage name on the website.<\/p>\n<p><strong style=\"font-family: var( --e-global-typography-text-font-family ), Sans-serif; font-size: var( --e-global-typography-text-font-size ); background-color: var( --e-global-color-8f5037f );\">This is available<\/strong><\/p>\n<ul>\n<li style=\"font-size: 16px;\">Bed linen and bath towels are included in all accommodations. One set of bed linen &amp; towel per booked person.<\/li>\n<li><span style=\"background-color: transparent; font-family: var( --e-global-typography-text-font-family ), Sans-serif; font-weight: var( --e-global-typography-text-font-weight );\">Dishwashing liquid, coffee filters, waste bags, toilet paper and kitchen paper are available to start. We do not replenish this in the cabins during your stay.<\/span><\/li>\n<li>Tea towels, dishcloth, hand soap and guest towels are available in the houses.<\/li>\n<li>Our kitchens are fully equipped with a basic range of fixtures.<\/li>\n<li>A charcoal grill is available at all accommodations.<\/li>\n<li><span style=\"background-color: transparent; font-family: var( --e-global-typography-text-font-family ), Sans-serif; font-weight: var( --e-global-typography-text-font-weight );\">Duvets and pillows are available for all beds in the accommodation. If you book a travel cot for small children, the <\/span><b style=\"background-color: transparent; font-family: var( --e-global-typography-text-font-family ), Sans-serif;\">Not<\/b><span style=\"background-color: transparent; font-family: var( --e-global-typography-text-font-family ), Sans-serif; font-weight: var( --e-global-typography-text-font-weight );\"> bed linen, pillow and duvet.<\/span><\/li>\n<\/ul>\n<div> <\/div>\n<div>\n<p><span style=\"font-weight: bold;\">Bring (if you stay longer than 1 night)<\/span><\/p>\n<ul style=\"font-size: 16px; background-color: #f4f1ec;\">\n<li style=\"font-size: 16px;\">Dishwashing tablets.<\/li>\n<li style=\"font-size: 16px;\">Kitchen and toilet paper.<\/li>\n<li>Waste bags<\/li>\n<li>Coffee filter<\/li>\n<\/ul>\n<div> <\/div>\n<div><span style=\"font-weight: bold;\">This is <u>not<\/u> available in the cottage<\/span><\/div>\n<ul>\n<li>Shower gel and shampoo\/conditioner<\/li>\n<li>Spices in addition to salt and black pepper<\/li>\n<li>Oil to fry in<\/li>\n<li>Coffee &amp; Tea<\/li>\n<\/ul>\n<ul>\n<li>Charcoal &amp; lighter fluid<\/li>\n<li>Firewood for cottages with stoves (can be booked via the reception)<\/li>\n<\/ul>\n<\/div>\n\t\t\t\t\t\t<\/div>\n\t\t\t\t<\/div>\n\t\t\t\t\t<\/div>\n\t\t<\/div>\n\t\t\t\t<div class=\"elementor-column elementor-col-50 elementor-inner-column elementor-element elementor-element-a776ab3\" data-id=\"a776ab3\" data-element_type=\"column\">\n\t\t\t<div class=\"elementor-widget-wrap elementor-element-populated\">\n\t\t\t\t\t\t<div class=\"elementor-element elementor-element-6eb6ec38 elementor-widget elementor-widget-image\" data-id=\"6eb6ec38\" data-element_type=\"widget\" data-widget_type=\"image.default\">\n\t\t\t\t<div class=\"elementor-widget-container\">\n\t\t\t<style>\/*! elementor - v3.19.0 - 28-02-2024 *\/\n.elementor-widget-image{text-align:center}.elementor-widget-image a{display:inline-block}.elementor-widget-image a img[src$=\".svg\"]{width:48px}.elementor-widget-image img{vertical-align:middle;display:inline-block}<\/style>\t\t\t\t\t\t\t\t\t\t<img fetchpriority=\"high\" decoding=\"async\" width=\"1536\" height=\"1024\" src=\"https:\/\/www.bergsgard.se\/wp-content\/uploads\/2022\/02\/jarefalkphotorgaphy_bergsga\u030ard_23_107-1536x1024.jpg\" class=\"attachment-1536x1536 size-1536x1536 wp-image-5862\" alt=\"V\u00e5rt mysiga boende Snickarboa p\u00e5 Bergs g\u00e5rd\" srcset=\"https:\/\/www.bergsgard.se\/wp-content\/uploads\/2022\/02\/jarefalkphotorgaphy_bergsga\u030ard_23_107-1536x1024.jpg 1536w, https:\/\/www.bergsgard.se\/wp-content\/uploads\/2022\/02\/jarefalkphotorgaphy_bergsga\u030ard_23_107-300x200.jpg 300w, https:\/\/www.bergsgard.se\/wp-content\/uploads\/2022\/02\/jarefalkphotorgaphy_bergsga\u030ard_23_107-1024x683.jpg 1024w, https:\/\/www.bergsgard.se\/wp-content\/uploads\/2022\/02\/jarefalkphotorgaphy_bergsga\u030ard_23_107-768x512.jpg 768w, https:\/\/www.bergsgard.se\/wp-content\/uploads\/2022\/02\/jarefalkphotorgaphy_bergsga\u030ard_23_107.jpg 2048w\" sizes=\"(max-width: 1536px) 100vw, 1536px\" \/>\t\t\t\t\t\t\t\t\t\t\t\t\t<\/div>\n\t\t\t\t<\/div>\n\t\t\t\t\t<\/div>\n\t\t<\/div>\n\t\t\t\t\t<\/div>\n\t\t<\/section>\n\t\t\t\t<section data-particle_enable=\"false\" data-particle-mobile-disabled=\"false\" class=\"elementor-section elementor-inner-section elementor-element elementor-element-241485d5 elementor-section-boxed elementor-section-height-default elementor-section-height-default\" data-id=\"241485d5\" data-element_type=\"section\" data-settings=\"{&quot;background_background&quot;:&quot;classic&quot;}\">\n\t\t\t\t\t\t<div class=\"elementor-container elementor-column-gap-default\">\n\t\t\t\t\t<div class=\"elementor-column elementor-col-50 elementor-inner-column elementor-element elementor-element-70740444\" data-id=\"70740444\" data-element_type=\"column\">\n\t\t\t<div class=\"elementor-widget-wrap elementor-element-populated\">\n\t\t\t\t\t\t<div class=\"elementor-element elementor-element-66f1a5fa elementor-widget elementor-widget-image\" data-id=\"66f1a5fa\" data-element_type=\"widget\" data-widget_type=\"image.default\">\n\t\t\t\t<div class=\"elementor-widget-container\">\n\t\t\t\t\t\t\t\t\t\t\t\t\t<img decoding=\"async\" width=\"1000\" height=\"666\" src=\"https:\/\/www.bergsgard.se\/wp-content\/uploads\/2022\/06\/bergsgard-ekologiskt-kott-1.jpg\" class=\"attachment-1536x1536 size-1536x1536 wp-image-2365\" alt=\"Grillade hamburgare fr\u00e5n Bergs g\u00e5rd\" srcset=\"https:\/\/www.bergsgard.se\/wp-content\/uploads\/2022\/06\/bergsgard-ekologiskt-kott-1.jpg 1000w, https:\/\/www.bergsgard.se\/wp-content\/uploads\/2022\/06\/bergsgard-ekologiskt-kott-1-300x200.jpg 300w, https:\/\/www.bergsgard.se\/wp-content\/uploads\/2022\/06\/bergsgard-ekologiskt-kott-1-768x511.jpg 768w\" sizes=\"(max-width: 1000px) 100vw, 1000px\" \/>\t\t\t\t\t\t\t\t\t\t\t\t\t<\/div>\n\t\t\t\t<\/div>\n\t\t\t\t\t<\/div>\n\t\t<\/div>\n\t\t\t\t<div class=\"elementor-column elementor-col-50 elementor-inner-column elementor-element elementor-element-1e93b915\" data-id=\"1e93b915\" data-element_type=\"column\">\n\t\t\t<div class=\"elementor-widget-wrap elementor-element-populated\">\n\t\t\t\t\t\t<div class=\"elementor-element elementor-element-594389c5 elementor-widget elementor-widget-heading\" data-id=\"594389c5\" data-element_type=\"widget\" data-widget_type=\"heading.default\">\n\t\t\t\t<div class=\"elementor-widget-container\">\n\t\t\t<h2 class=\"elementor-heading-title elementor-size-default\">Barbecue at the cottage<\/h2>\t\t<\/div>\n\t\t\t\t<\/div>\n\t\t\t\t<div class=\"elementor-element elementor-element-61a29db4 elementor-widget elementor-widget-text-editor\" data-id=\"61a29db4\" data-element_type=\"widget\" data-widget_type=\"text-editor.default\">\n\t\t\t\t<div class=\"elementor-widget-container\">\n\t\t\t\t\t\t\t<p>All our cottages are equipped with barbecue and barbecue brush. You can bring your own charcoal, lighter fluid and lighter or<span style=\"font-family: var( --e-global-typography-text-font-family ), Sans-serif; font-size: var( --e-global-typography-text-font-size ); font-weight: var( --e-global-typography-text-font-weight );\"> buy it in our farm shop. <\/span> <\/p>\n<p>In the Farm Shop you will find selected details of our grass-fed beef, beef sausages and hamburgers for the grill. <\/p>\n<p><span style=\"background-color: var( --e-global-color-8f5037f ); font-size: 1rem;\">Keep in mind that you are responsible for safety so no accidents occur when you barbecue at the cottage. Feel free to take part in the Stockholm Fire Brigade&#8217;s guide <\/span><a href=\"https:\/\/www.storstockholm.brand.se\/pa-fritiden\/grilla-sakert\/\">Grill safely.<\/a><\/p>\n\t\t\t\t\t\t<\/div>\n\t\t\t\t<\/div>\n\t\t\t\t\t<\/div>\n\t\t<\/div>\n\t\t\t\t\t<\/div>\n\t\t<\/section>\n\t\t\t\t\t<\/div>\n\t\t<\/div>\n\t\t\t\t\t<\/div>\n\t\t<\/section>\n\t\t\t\t<\/div>\n\t\t","protected":false},"excerpt":{"rendered":"<p>Pack correctly for your stay Here are some handy tips to make packing easier for your stay with us. All our accommodations have the option of self-catering, if you want to know what equipment your booked cabin has, you will find it in the cabin description, search the cottage name on the website. This is [&hellip;]<\/p>\n","protected":false},"author":1,"featured_media":11224,"parent":0,"menu_order":0,"comment_status":"closed","ping_status":"closed","template":"","meta":{"_seopress_robots_primary_cat":"","_seopress_titles_title":"Packing list for your stay at Berg's g\u00e5rd","_seopress_titles_desc":"Here you will find packing tips for your stay with us at Berg's g\u00e5rd. We have cottage rentals where all our cottages have the possibility of self-catering. Read more here!","_seopress_robots_index":"","footnotes":""},"Pagecategories":[],"class_list":["post-11439","page","type-page","status-publish","has-post-thumbnail","hentry"],"meta_box":[],"publishpress_future_action":{"enabled":false,"date":"2026-04-22 21:14:01","action":"change-status","newStatus":"draft","terms":[],"taxonomy":"translation_priority"},"_links":{"self":[{"href":"https:\/\/www.bergsgard.se\/en\/wp-json\/wp\/v2\/pages\/11439","targetHints":{"allow":["GET"]}}],"collection":[{"href":"https:\/\/www.bergsgard.se\/en\/wp-json\/wp\/v2\/pages"}],"about":[{"href":"https:\/\/www.bergsgard.se\/en\/wp-json\/wp\/v2\/types\/page"}],"author":[{"embeddable":true,"href":"https:\/\/www.bergsgard.se\/en\/wp-json\/wp\/v2\/users\/1"}],"replies":[{"embeddable":true,"href":"https:\/\/www.bergsgard.se\/en\/wp-json\/wp\/v2\/comments?post=11439"}],"version-history":[{"count":11,"href":"https:\/\/www.bergsgard.se\/en\/wp-json\/wp\/v2\/pages\/11439\/revisions"}],"predecessor-version":[{"id":15796,"href":"https:\/\/www.bergsgard.se\/en\/wp-json\/wp\/v2\/pages\/11439\/revisions\/15796"}],"wp:featuredmedia":[{"embeddable":true,"href":"https:\/\/www.bergsgard.se\/en\/wp-json\/wp\/v2\/media\/11224"}],"wp:attachment":[{"href":"https:\/\/www.bergsgard.se\/en\/wp-json\/wp\/v2\/media?parent=11439"}],"wp:term":[{"taxonomy":"Pagecategories","embeddable":true,"href":"https:\/\/www.bergsgard.se\/en\/wp-json\/wp\/v2\/Pagecategories?post=11439"}],"curies":[{"name":"wp","href":"https:\/\/api.w.org\/{rel}","templated":true}]}}