{"id":11503,"date":"2022-02-14T10:38:11","date_gmt":"2022-02-14T09:38:11","guid":{"rendered":"https:\/\/www.bergsgard.se\/book-a-cabin-pitch\/"},"modified":"2026-03-30T10:28:22","modified_gmt":"2026-03-30T08:28:22","slug":"book-a-cabin-pitch","status":"publish","type":"page","link":"https:\/\/www.bergsgard.se\/en\/book-a-cabin-pitch\/","title":{"rendered":"Book a cabin &amp; pitch"},"content":{"rendered":"\t\t<div data-elementor-type=\"wp-page\" data-elementor-id=\"11503\" class=\"elementor elementor-11503 elementor-61\" data-elementor-post-type=\"page\">\n\t\t\t\t\t\t<section data-particle_enable=\"false\" data-particle-mobile-disabled=\"false\" class=\"elementor-section elementor-top-section elementor-element elementor-element-5e3eb877 elementor-section-height-min-height elementor-section-boxed elementor-section-height-default elementor-section-items-middle\" data-id=\"5e3eb877\" data-element_type=\"section\" data-settings=\"{&quot;background_background&quot;:&quot;slideshow&quot;,&quot;background_slideshow_gallery&quot;:[{&quot;id&quot;:10185,&quot;url&quot;:&quot;https:\\\/\\\/www.bergsgard.se\\\/wp-content\\\/uploads\\\/2024\\\/03\\\/hustopp.jpg&quot;},{&quot;id&quot;:10186,&quot;url&quot;:&quot;https:\\\/\\\/www.bergsgard.se\\\/wp-content\\\/uploads\\\/2024\\\/03\\\/hustopp1.jpg&quot;}],&quot;background_slideshow_slide_duration&quot;:3500,&quot;background_slideshow_transition_duration&quot;:2500,&quot;background_slideshow_loop&quot;:&quot;yes&quot;,&quot;background_slideshow_slide_transition&quot;:&quot;fade&quot;}\">\n\t\t\t\t\t\t\t<div class=\"elementor-background-overlay\"><\/div>\n\t\t\t\t\t\t\t<div class=\"elementor-container elementor-column-gap-default\">\n\t\t\t\t\t<div class=\"elementor-column elementor-col-100 elementor-top-column elementor-element elementor-element-34d549d3\" data-id=\"34d549d3\" data-element_type=\"column\">\n\t\t\t<div class=\"elementor-widget-wrap elementor-element-populated\">\n\t\t\t\t\t\t<div class=\"elementor-element elementor-element-7a92c1ea elementor-widget elementor-widget-spacer\" data-id=\"7a92c1ea\" data-element_type=\"widget\" data-widget_type=\"spacer.default\">\n\t\t\t\t<div class=\"elementor-widget-container\">\n\t\t\t<style>\/*! elementor - v3.19.0 - 28-02-2024 *\/\n.elementor-column .elementor-spacer-inner{height:var(--spacer-size)}.e-con{--container-widget-width:100%}.e-con-inner>.elementor-widget-spacer,.e-con>.elementor-widget-spacer{width:var(--container-widget-width,var(--spacer-size));--align-self:var(--container-widget-align-self,initial);--flex-shrink:0}.e-con-inner>.elementor-widget-spacer>.elementor-widget-container,.e-con>.elementor-widget-spacer>.elementor-widget-container{height:100%;width:100%}.e-con-inner>.elementor-widget-spacer>.elementor-widget-container>.elementor-spacer,.e-con>.elementor-widget-spacer>.elementor-widget-container>.elementor-spacer{height:100%}.e-con-inner>.elementor-widget-spacer>.elementor-widget-container>.elementor-spacer>.elementor-spacer-inner,.e-con>.elementor-widget-spacer>.elementor-widget-container>.elementor-spacer>.elementor-spacer-inner{height:var(--container-widget-height,var(--spacer-size))}.e-con-inner>.elementor-widget-spacer.elementor-widget-empty,.e-con>.elementor-widget-spacer.elementor-widget-empty{position:relative;min-height:22px;min-width:22px}.e-con-inner>.elementor-widget-spacer.elementor-widget-empty .elementor-widget-empty-icon,.e-con>.elementor-widget-spacer.elementor-widget-empty .elementor-widget-empty-icon{position:absolute;top:0;bottom:0;left:0;right:0;margin:auto;padding:0;width:22px;height:22px}<\/style>\t\t<div class=\"elementor-spacer\">\n\t\t\t<div class=\"elementor-spacer-inner\"><\/div>\n\t\t<\/div>\n\t\t\t\t<\/div>\n\t\t\t\t<\/div>\n\t\t\t\t\t<\/div>\n\t\t<\/div>\n\t\t\t\t\t<\/div>\n\t\t<\/section>\n\t\t\t\t<section data-particle_enable=\"false\" data-particle-mobile-disabled=\"false\" class=\"elementor-section elementor-top-section elementor-element elementor-element-d4490e1 elementor-section-boxed elementor-section-height-default elementor-section-height-default\" data-id=\"d4490e1\" data-element_type=\"section\">\n\t\t\t\t\t\t<div class=\"elementor-container elementor-column-gap-default\">\n\t\t\t\t\t<div class=\"elementor-column elementor-col-100 elementor-top-column elementor-element elementor-element-b391ca2\" data-id=\"b391ca2\" data-element_type=\"column\">\n\t\t\t<div class=\"elementor-widget-wrap elementor-element-populated\">\n\t\t\t\t\t\t<div class=\"elementor-element elementor-element-42ff558 elementor-widget elementor-widget-spacer\" data-id=\"42ff558\" data-element_type=\"widget\" data-widget_type=\"spacer.default\">\n\t\t\t\t<div class=\"elementor-widget-container\">\n\t\t\t\t\t<div class=\"elementor-spacer\">\n\t\t\t<div class=\"elementor-spacer-inner\"><\/div>\n\t\t<\/div>\n\t\t\t\t<\/div>\n\t\t\t\t<\/div>\n\t\t\t\t\t<\/div>\n\t\t<\/div>\n\t\t\t\t\t<\/div>\n\t\t<\/section>\n\t\t\t\t<section data-particle_enable=\"false\" data-particle-mobile-disabled=\"false\" class=\"elementor-section elementor-top-section elementor-element elementor-element-4748fe10 elementor-section-boxed elementor-section-height-default elementor-section-height-default\" data-id=\"4748fe10\" data-element_type=\"section\">\n\t\t\t\t\t\t<div class=\"elementor-container elementor-column-gap-default\">\n\t\t\t\t\t<div class=\"elementor-column elementor-col-100 elementor-top-column elementor-element elementor-element-5a496efa\" data-id=\"5a496efa\" data-element_type=\"column\">\n\t\t\t<div class=\"elementor-widget-wrap elementor-element-populated\">\n\t\t\t\t\t\t<div class=\"elementor-element elementor-element-2d0c8e21 elementor-widget elementor-widget-text-editor\" data-id=\"2d0c8e21\" data-element_type=\"widget\" data-widget_type=\"text-editor.default\">\n\t\t\t\t<div class=\"elementor-widget-container\">\n\t\t\t<style>\/*! elementor - v3.19.0 - 28-02-2024 *\/\n.elementor-widget-text-editor.elementor-drop-cap-view-stacked .elementor-drop-cap{background-color:#69727d;color:#fff}.elementor-widget-text-editor.elementor-drop-cap-view-framed .elementor-drop-cap{color:#69727d;border:3px solid;background-color:transparent}.elementor-widget-text-editor:not(.elementor-drop-cap-view-default) .elementor-drop-cap{margin-top:8px}.elementor-widget-text-editor:not(.elementor-drop-cap-view-default) .elementor-drop-cap-letter{width:1em;height:1em}.elementor-widget-text-editor .elementor-drop-cap{float:left;text-align:center;line-height:1;font-size:50px}.elementor-widget-text-editor .elementor-drop-cap-letter{display:inline-block}<\/style>\t\t\t\t<p><style>\/*! elementor - v3.6.7 - 03-07-2022 *\/<br \/>.elementor-heading-title{padding:0;margin:0;line-height:1}.elementor-widget-heading .elementor-heading-title[class*=elementor-size-]&gt;a{color:inherit;font-size:inherit;line-height:inherit}.elementor-widget-heading .elementor-heading-title.elementor-size-small{font-size:15px}.elementor-widget-heading .elementor-heading-title.elementor-size-medium{font-size:19px}.elementor-widget-heading .elementor-heading-title.elementor-size-large{font-size:29px}.elementor-widget-heading .elementor-heading-title.elementor-size-xl{font-size:39px}.elementor-widget-heading .elementor-heading-title.elementor-size-xxl{font-size:59px}<\/style>\n<\/p>\n<h2>Booking request for cabin &amp; RV park<\/h2>\n<p>Select the dates of your stay and send us a request.  <\/p>\n<p>Enter the booking code RUT before you choose accommodation if you want to use RUT deductions on the mandatory final cleaning.<\/p>\n<p>Please note. A booking request does not guarantee a booked accommodation. The cottage will only be booked when you have received our booking confirmation (note this can sometimes end up in your spam folder)<\/p>\n<p><style>\/*! elementor - v3.6.7 - 03-07-2022 *\/<br \/>.elementor-widget-image{text-align:center}.elementor-widget-image a{display:inline-block}.elementor-widget-image a img[src$=\".svg\"]{width:48px}.elementor-widget-image img{vertical-align:middle;display:inline-block}<\/style><\/p>\n\t\t\t\t\t\t<\/div>\n\t\t\t\t<\/div>\n\t\t\t\t<div class=\"elementor-element elementor-element-fd3040a elementor-widget elementor-widget-html\" data-id=\"fd3040a\" data-element_type=\"widget\" data-widget_type=\"html.default\">\n\t\t\t\t<div class=\"elementor-widget-container\">\n\t\t\t<script async=\"\" data-form-id=\"bbb8ef02cd4d6496\" src=\"https:\/\/secured.sirvoy.com\/widget\/sirvoy.js\"><\/script>\t\t<\/div>\n\t\t\t\t<\/div>\n\t\t\t\t\t<\/div>\n\t\t<\/div>\n\t\t\t\t\t<\/div>\n\t\t<\/section>\n\t\t\t\t<section data-particle_enable=\"false\" data-particle-mobile-disabled=\"false\" class=\"elementor-section elementor-top-section elementor-element elementor-element-229ade2 elementor-section-boxed elementor-section-height-default elementor-section-height-default\" data-id=\"229ade2\" data-element_type=\"section\">\n\t\t\t\t\t\t<div class=\"elementor-container elementor-column-gap-default\">\n\t\t\t\t\t<div class=\"elementor-column elementor-col-50 elementor-top-column elementor-element elementor-element-1d4e478\" data-id=\"1d4e478\" data-element_type=\"column\">\n\t\t\t<div class=\"elementor-widget-wrap elementor-element-populated\">\n\t\t\t\t\t\t<div class=\"elementor-element elementor-element-cc78f48 elementor-widget elementor-widget-heading\" data-id=\"cc78f48\" data-element_type=\"widget\" data-widget_type=\"heading.default\">\n\t\t\t\t<div class=\"elementor-widget-container\">\n\t\t\t<style>\/*! elementor - v3.19.0 - 28-02-2024 *\/\n.elementor-heading-title{padding:0;margin:0;line-height:1}.elementor-widget-heading .elementor-heading-title[class*=elementor-size-]>a{color:inherit;font-size:inherit;line-height:inherit}.elementor-widget-heading .elementor-heading-title.elementor-size-small{font-size:15px}.elementor-widget-heading .elementor-heading-title.elementor-size-medium{font-size:19px}.elementor-widget-heading .elementor-heading-title.elementor-size-large{font-size:29px}.elementor-widget-heading .elementor-heading-title.elementor-size-xl{font-size:39px}.elementor-widget-heading .elementor-heading-title.elementor-size-xxl{font-size:59px}<\/style><h2 class=\"elementor-heading-title elementor-size-default\">Weekends, week &amp; holidays<\/h2>\t\t<\/div>\n\t\t\t\t<\/div>\n\t\t\t\t<div class=\"elementor-element elementor-element-56e3732 elementor-widget-laptop__width-initial elementor-widget elementor-widget-text-editor\" data-id=\"56e3732\" data-element_type=\"widget\" data-widget_type=\"text-editor.default\">\n\t\t\t\t<div class=\"elementor-widget-container\">\n\t\t\t\t\t\t\t<h4>Cottage over the weekend or weekday<\/h4>\n<p>All our cottages can be booked for one day until the end of August 2026 (except for the cottages at Br\u00f6llopsviken, which are booked for at least 2 days). From August 28, you can always book at least 2 days over the weekend in all cottages.  On some occasions, cabins are released for a few days over weekends, which we will announce then. Weekdays can be booked for a day.<\/p>\n<h4>Weekly rent summer 2026<\/h4>\n<p>If you want to stay for a whole week: To get a more favorable weekly price for all our cottages at Bergs G\u00e5rd &amp; H\u00e5llsvikens G\u00e5rd, choose changeover day Sunday. For the cottages at Br\u00f6llopsviken, you choose the changeover day Friday. Tyvudden &amp; Sk\u00e4rg\u00e5rdsvillan has weekly rentals week 28-31.<\/p>\n<h4>Feasts  <\/h4>\n<p>During Christmas and New Year, we rent out all cottages for at least 2 nights in a row. Rent 3 nights or longer during Christmas and New Year and get a 15% discount on the entire stay.<br \/>Midsummer at least 3 nights. <\/p>\n\t\t\t\t\t\t<\/div>\n\t\t\t\t<\/div>\n\t\t\t\t\t<\/div>\n\t\t<\/div>\n\t\t\t\t<div class=\"elementor-column elementor-col-50 elementor-top-column elementor-element elementor-element-34884d6\" data-id=\"34884d6\" data-element_type=\"column\">\n\t\t\t<div class=\"elementor-widget-wrap elementor-element-populated\">\n\t\t\t\t\t\t<div class=\"elementor-element elementor-element-46fe24a elementor-widget elementor-widget-image\" data-id=\"46fe24a\" data-element_type=\"widget\" data-widget_type=\"image.default\">\n\t\t\t\t<div class=\"elementor-widget-container\">\n\t\t\t<style>\/*! elementor - v3.19.0 - 28-02-2024 *\/\n.elementor-widget-image{text-align:center}.elementor-widget-image a{display:inline-block}.elementor-widget-image a img[src$=\".svg\"]{width:48px}.elementor-widget-image img{vertical-align:middle;display:inline-block}<\/style>\t\t\t\t\t\t\t\t\t\t<img fetchpriority=\"high\" decoding=\"async\" width=\"800\" height=\"534\" src=\"https:\/\/www.bergsgard.se\/wp-content\/uploads\/2022\/02\/jarefalkphotography_bergsgard_23_017-1024x683.jpg\" class=\"attachment-large size-large wp-image-5348\" alt=\"Matplatsen i k\u00f6ket p\u00e5 v\u00e5rt boende H\u00f6nshuset\" srcset=\"https:\/\/www.bergsgard.se\/wp-content\/uploads\/2022\/02\/jarefalkphotography_bergsgard_23_017-1024x683.jpg 1024w, https:\/\/www.bergsgard.se\/wp-content\/uploads\/2022\/02\/jarefalkphotography_bergsgard_23_017-300x200.jpg 300w, https:\/\/www.bergsgard.se\/wp-content\/uploads\/2022\/02\/jarefalkphotography_bergsgard_23_017-768x512.jpg 768w, https:\/\/www.bergsgard.se\/wp-content\/uploads\/2022\/02\/jarefalkphotography_bergsgard_23_017-1536x1024.jpg 1536w, https:\/\/www.bergsgard.se\/wp-content\/uploads\/2022\/02\/jarefalkphotography_bergsgard_23_017.jpg 2048w\" sizes=\"(max-width: 800px) 100vw, 800px\" \/>\t\t\t\t\t\t\t\t\t\t\t\t\t<\/div>\n\t\t\t\t<\/div>\n\t\t\t\t\t<\/div>\n\t\t<\/div>\n\t\t\t\t\t<\/div>\n\t\t<\/section>\n\t\t\t\t<section data-particle_enable=\"false\" data-particle-mobile-disabled=\"false\" class=\"elementor-section elementor-top-section elementor-element elementor-element-560478e elementor-section-boxed elementor-section-height-default elementor-section-height-default\" data-id=\"560478e\" data-element_type=\"section\">\n\t\t\t\t\t\t<div class=\"elementor-container elementor-column-gap-default\">\n\t\t\t\t\t<div class=\"elementor-column elementor-col-50 elementor-top-column elementor-element elementor-element-59b5c02\" data-id=\"59b5c02\" data-element_type=\"column\">\n\t\t\t<div class=\"elementor-widget-wrap elementor-element-populated\">\n\t\t\t\t\t\t<div class=\"elementor-element elementor-element-e6e217d elementor-widget elementor-widget-heading\" data-id=\"e6e217d\" data-element_type=\"widget\" data-widget_type=\"heading.default\">\n\t\t\t\t<div class=\"elementor-widget-container\">\n\t\t\t<h2 class=\"elementor-heading-title elementor-size-default\">Book add-ons to your cabin booking<\/h2>\t\t<\/div>\n\t\t\t\t<\/div>\n\t\t\t\t<div class=\"elementor-element elementor-element-49c781e elementor-widget elementor-widget-text-editor\" data-id=\"49c781e\" data-element_type=\"widget\" data-widget_type=\"text-editor.default\">\n\t\t\t\t<div class=\"elementor-widget-container\">\n\t\t\t\t\t\t\t<p>In the cabin booking, you can choose to book something extra, such as:<\/p>\n<ul>\n<li>Meal packages as below<\/li>\n<li>Firewood for stove<\/li>\n<li>Late check-out (subject to availability)<\/li>\n<li>Early check-in (subject to availability)<\/li>\n<li>High chair &amp; Baby cot<\/li>\n<li>Extra bed<\/li>\n<li>Dog in the accommodation<\/li>\n<\/ul>\n\t\t\t\t\t\t<\/div>\n\t\t\t\t<\/div>\n\t\t\t\t\t<\/div>\n\t\t<\/div>\n\t\t\t\t<div class=\"elementor-column elementor-col-50 elementor-top-column elementor-element elementor-element-20f07f1\" data-id=\"20f07f1\" data-element_type=\"column\">\n\t\t\t<div class=\"elementor-widget-wrap elementor-element-populated\">\n\t\t\t\t\t\t<div class=\"elementor-element elementor-element-1637aaf elementor-widget elementor-widget-image\" data-id=\"1637aaf\" data-element_type=\"widget\" data-widget_type=\"image.default\">\n\t\t\t\t<div class=\"elementor-widget-container\">\n\t\t\t\t\t\t\t\t\t\t\t\t\t<img decoding=\"async\" width=\"300\" height=\"200\" src=\"https:\/\/www.bergsgard.se\/wp-content\/uploads\/2022\/02\/jarefalkphotography_bergsgard_23_237-300x200.jpg\" class=\"attachment-medium size-medium wp-image-8368\" alt=\"Tyvudden i Br\u00f6llopsviken\" srcset=\"https:\/\/www.bergsgard.se\/wp-content\/uploads\/2022\/02\/jarefalkphotography_bergsgard_23_237-300x200.jpg 300w, https:\/\/www.bergsgard.se\/wp-content\/uploads\/2022\/02\/jarefalkphotography_bergsgard_23_237-1024x683.jpg 1024w, https:\/\/www.bergsgard.se\/wp-content\/uploads\/2022\/02\/jarefalkphotography_bergsgard_23_237-768x512.jpg 768w, https:\/\/www.bergsgard.se\/wp-content\/uploads\/2022\/02\/jarefalkphotography_bergsgard_23_237-1536x1024.jpg 1536w, https:\/\/www.bergsgard.se\/wp-content\/uploads\/2022\/02\/jarefalkphotography_bergsgard_23_237.jpg 2048w\" sizes=\"(max-width: 300px) 100vw, 300px\" \/>\t\t\t\t\t\t\t\t\t\t\t\t\t<\/div>\n\t\t\t\t<\/div>\n\t\t\t\t\t<\/div>\n\t\t<\/div>\n\t\t\t\t\t<\/div>\n\t\t<\/section>\n\t\t\t\t<section data-particle_enable=\"false\" data-particle-mobile-disabled=\"false\" class=\"elementor-section elementor-top-section elementor-element elementor-element-0dcbfd8 elementor-section-boxed elementor-section-height-default elementor-section-height-default\" data-id=\"0dcbfd8\" data-element_type=\"section\">\n\t\t\t\t\t\t<div class=\"elementor-container elementor-column-gap-default\">\n\t\t\t\t\t<div class=\"elementor-column elementor-col-50 elementor-top-column elementor-element elementor-element-771d6e6\" data-id=\"771d6e6\" data-element_type=\"column\">\n\t\t\t<div class=\"elementor-widget-wrap elementor-element-populated\">\n\t\t\t\t\t\t<div class=\"elementor-element elementor-element-0b6bc51 elementor-widget elementor-widget-heading\" data-id=\"0b6bc51\" data-element_type=\"widget\" data-widget_type=\"heading.default\">\n\t\t\t\t<div class=\"elementor-widget-container\">\n\t\t\t<h2 class=\"elementor-heading-title elementor-size-default\">MTB Bike Package<\/h2>\t\t<\/div>\n\t\t\t\t<\/div>\n\t\t\t\t<div class=\"elementor-element elementor-element-7467478 elementor-widget elementor-widget-text-editor\" data-id=\"7467478\" data-element_type=\"widget\" data-widget_type=\"text-editor.default\">\n\t\t\t\t<div class=\"elementor-widget-container\">\n\t\t\t\t\t\t\t<p>Can be booked from Easter 2026.<\/p>\n<p>Cycle for a day in our large MTB arena, stay in a cozy cabin and get your meals prepared to finish in the cabin kitchen. The package is added as an extra addon in the cabin booking.<\/p>\n<p>This is included in the package.<\/p>\n<ul>\n<li>Bikepass 1 day<\/li>\n<li>1 glass of wine\/beer\/ drink &amp; charcuterie<\/li>\n<li>Dinner kit 2 courses<\/li>\n<li>Breakfast basket<\/li>\n<\/ul>\n<p><span style=\"font-size: 1rem;\"> <\/span><\/p>\n<p><span style=\"font-size: 1rem;\">Price 700 SEK\/person adult &amp; 450 SEK\/child under 15 years<\/span><\/p>\n<p><span style=\"font-size: 1rem;\">In addition to the above, you can also book a sauna and outside relaxation area at a 50% discounted price. Discount code is received at the time of booking.<\/span><\/p>\n<p><span style=\"font-size: 1rem;\">Unfortunately, we do not have the opportunity to take allergies or dietary preferences into account in our meal packages.<\/span><\/p>\n<p>Bicycles are not included in the package, if you want to rent a bike, you do so in our bicycle booking.<\/p>\n\t\t\t\t\t\t<\/div>\n\t\t\t\t<\/div>\n\t\t\t\t\t<\/div>\n\t\t<\/div>\n\t\t\t\t<div class=\"elementor-column elementor-col-50 elementor-top-column elementor-element elementor-element-5de1606\" data-id=\"5de1606\" data-element_type=\"column\">\n\t\t\t<div class=\"elementor-widget-wrap elementor-element-populated\">\n\t\t\t\t\t\t<div class=\"elementor-element elementor-element-31a727c elementor-widget elementor-widget-image\" data-id=\"31a727c\" data-element_type=\"widget\" data-widget_type=\"image.default\">\n\t\t\t\t<div class=\"elementor-widget-container\">\n\t\t\t\t\t\t\t\t\t\t\t\t\t<img decoding=\"async\" width=\"800\" height=\"691\" src=\"https:\/\/www.bergsgard.se\/wp-content\/uploads\/2022\/04\/IMG_9081-1024x885.jpg\" class=\"attachment-large size-large wp-image-1250\" alt=\"\" srcset=\"https:\/\/www.bergsgard.se\/wp-content\/uploads\/2022\/04\/IMG_9081-1024x885.jpg 1024w, https:\/\/www.bergsgard.se\/wp-content\/uploads\/2022\/04\/IMG_9081-300x259.jpg 300w, https:\/\/www.bergsgard.se\/wp-content\/uploads\/2022\/04\/IMG_9081-768x664.jpg 768w, https:\/\/www.bergsgard.se\/wp-content\/uploads\/2022\/04\/IMG_9081-1536x1328.jpg 1536w, https:\/\/www.bergsgard.se\/wp-content\/uploads\/2022\/04\/IMG_9081.jpg 1920w\" sizes=\"(max-width: 800px) 100vw, 800px\" \/>\t\t\t\t\t\t\t\t\t\t\t\t\t<\/div>\n\t\t\t\t<\/div>\n\t\t\t\t\t<\/div>\n\t\t<\/div>\n\t\t\t\t\t<\/div>\n\t\t<\/section>\n\t\t\t\t<section data-particle_enable=\"false\" data-particle-mobile-disabled=\"false\" class=\"elementor-section elementor-top-section elementor-element elementor-element-e2a8da8 elementor-section-boxed elementor-section-height-default elementor-section-height-default\" data-id=\"e2a8da8\" data-element_type=\"section\">\n\t\t\t\t\t\t<div class=\"elementor-container elementor-column-gap-default\">\n\t\t\t\t\t<div class=\"elementor-column elementor-col-50 elementor-top-column elementor-element elementor-element-360f54e\" data-id=\"360f54e\" data-element_type=\"column\">\n\t\t\t<div class=\"elementor-widget-wrap elementor-element-populated\">\n\t\t\t\t\t\t<div class=\"elementor-element elementor-element-c465b02 elementor-widget elementor-widget-heading\" data-id=\"c465b02\" data-element_type=\"widget\" data-widget_type=\"heading.default\">\n\t\t\t\t<div class=\"elementor-widget-container\">\n\t\t\t<h2 class=\"elementor-heading-title elementor-size-default\">Hiking Package<\/h2>\t\t<\/div>\n\t\t\t\t<\/div>\n\t\t\t\t<div class=\"elementor-element elementor-element-5a7ed75 elementor-widget elementor-widget-text-editor\" data-id=\"5a7ed75\" data-element_type=\"widget\" data-widget_type=\"text-editor.default\">\n\t\t\t\t<div class=\"elementor-widget-container\">\n\t\t\t\t\t\t\t<p>Can be booked from Easter 2026.<\/p>\n<p>Hike for a day in the forests of S\u00f6rmland, stay in a cozy cottage and your meals are prepared to finish in the cabin kitchen. The package is added as an extra addon in the cabin booking.<\/p>\n<p>This is included in the package.<\/p>\n<ul>\n<li>1 glass of wine\/beer\/ drink &amp; charcuterie<\/li>\n<li>Dinner kit 2 courses<\/li>\n<li>Breakfast basket<\/li>\n<\/ul>\n<div> <\/div>\n<p><span style=\"font-size: 1rem;\">Price 610 SEK\/person adult &amp; 390 SEK\/child under 15 years<\/span><\/p>\n<p><span style=\"font-size: 1rem;\">In addition to the above, you can also book a sauna and outside relaxation area at a 50% discounted price. Discount code is received at the time of booking.<\/span><\/p>\n<p><span style=\"font-size: 1rem;\">Unfortunately, we do not have the opportunity to take allergies or dietary preferences into account in our meal packages.<\/span><\/p>\n\t\t\t\t\t\t<\/div>\n\t\t\t\t<\/div>\n\t\t\t\t\t<\/div>\n\t\t<\/div>\n\t\t\t\t<div class=\"elementor-column elementor-col-50 elementor-top-column elementor-element elementor-element-cca5b6a\" data-id=\"cca5b6a\" data-element_type=\"column\">\n\t\t\t<div class=\"elementor-widget-wrap elementor-element-populated\">\n\t\t\t\t\t\t<div class=\"elementor-element elementor-element-f89e22d elementor-widget elementor-widget-image\" data-id=\"f89e22d\" data-element_type=\"widget\" data-widget_type=\"image.default\">\n\t\t\t\t<div class=\"elementor-widget-container\">\n\t\t\t\t\t\t\t\t\t\t\t\t\t<img loading=\"lazy\" decoding=\"async\" width=\"800\" height=\"768\" src=\"https:\/\/www.bergsgard.se\/wp-content\/uploads\/2023\/12\/sormlandsled-1-1024x983.jpg\" class=\"attachment-large size-large wp-image-9154\" alt=\"\" srcset=\"https:\/\/www.bergsgard.se\/wp-content\/uploads\/2023\/12\/sormlandsled-1-1024x983.jpg 1024w, https:\/\/www.bergsgard.se\/wp-content\/uploads\/2023\/12\/sormlandsled-1-300x288.jpg 300w, https:\/\/www.bergsgard.se\/wp-content\/uploads\/2023\/12\/sormlandsled-1-768x738.jpg 768w, https:\/\/www.bergsgard.se\/wp-content\/uploads\/2023\/12\/sormlandsled-1-1536x1475.jpg 1536w, https:\/\/www.bergsgard.se\/wp-content\/uploads\/2023\/12\/sormlandsled-1.jpg 1920w\" sizes=\"(max-width: 800px) 100vw, 800px\" \/>\t\t\t\t\t\t\t\t\t\t\t\t\t<\/div>\n\t\t\t\t<\/div>\n\t\t\t\t\t<\/div>\n\t\t<\/div>\n\t\t\t\t\t<\/div>\n\t\t<\/section>\n\t\t\t\t<\/div>\n\t\t","protected":false},"excerpt":{"rendered":"<p>Booking request for cabin &amp; RV park Select the dates of your stay and send us a request. Enter the booking code RUT before you choose accommodation if you want to use RUT deductions on the mandatory final cleaning. Please note. A booking request does not guarantee a booked accommodation. The cottage will only be [&hellip;]<\/p>\n","protected":false},"author":1,"featured_media":11222,"parent":0,"menu_order":0,"comment_status":"closed","ping_status":"closed","template":"","meta":{"_seopress_robots_primary_cat":"","_seopress_titles_title":"Book your accommodation with us! Self-catering with nature around the corner","_seopress_titles_desc":"Book your self-catering stay at Bergs G\u00e5rd. Lovely houses with a rural feel, fully equipped kitchens and nature around the corner. You can stay in our houses for a long time!","_seopress_robots_index":"","footnotes":""},"Pagecategories":[],"class_list":["post-11503","page","type-page","status-publish","has-post-thumbnail","hentry"],"meta_box":[],"publishpress_future_action":{"enabled":false,"date":"2026-05-05 18:52:43","action":"change-status","newStatus":"draft","terms":[],"taxonomy":"translation_priority"},"_links":{"self":[{"href":"https:\/\/www.bergsgard.se\/en\/wp-json\/wp\/v2\/pages\/11503","targetHints":{"allow":["GET"]}}],"collection":[{"href":"https:\/\/www.bergsgard.se\/en\/wp-json\/wp\/v2\/pages"}],"about":[{"href":"https:\/\/www.bergsgard.se\/en\/wp-json\/wp\/v2\/types\/page"}],"author":[{"embeddable":true,"href":"https:\/\/www.bergsgard.se\/en\/wp-json\/wp\/v2\/users\/1"}],"replies":[{"embeddable":true,"href":"https:\/\/www.bergsgard.se\/en\/wp-json\/wp\/v2\/comments?post=11503"}],"version-history":[{"count":40,"href":"https:\/\/www.bergsgard.se\/en\/wp-json\/wp\/v2\/pages\/11503\/revisions"}],"predecessor-version":[{"id":17097,"href":"https:\/\/www.bergsgard.se\/en\/wp-json\/wp\/v2\/pages\/11503\/revisions\/17097"}],"wp:featuredmedia":[{"embeddable":true,"href":"https:\/\/www.bergsgard.se\/en\/wp-json\/wp\/v2\/media\/11222"}],"wp:attachment":[{"href":"https:\/\/www.bergsgard.se\/en\/wp-json\/wp\/v2\/media?parent=11503"}],"wp:term":[{"taxonomy":"Pagecategories","embeddable":true,"href":"https:\/\/www.bergsgard.se\/en\/wp-json\/wp\/v2\/Pagecategories?post=11503"}],"curies":[{"name":"wp","href":"https:\/\/api.w.org\/{rel}","templated":true}]}}