{"id":11881,"date":"2024-04-04T15:39:23","date_gmt":"2024-04-04T13:39:23","guid":{"rendered":"https:\/\/www.bergsgard.se\/rules-of-conduct-for-accommodation\/"},"modified":"2025-08-07T10:15:11","modified_gmt":"2025-08-07T08:15:11","slug":"rules-of-conduct-for-accommodation","status":"publish","type":"page","link":"https:\/\/www.bergsgard.se\/en\/rules-of-conduct-for-accommodation\/","title":{"rendered":"Rules of conduct for accommodation"},"content":{"rendered":"\t\t<div data-elementor-type=\"wp-page\" data-elementor-id=\"11881\" class=\"elementor elementor-11881 elementor-11861\" data-elementor-post-type=\"page\">\n\t\t\t\t\t\t<section data-particle_enable=\"false\" data-particle-mobile-disabled=\"false\" class=\"elementor-section elementor-top-section elementor-element elementor-element-40883308 elementor-section-height-min-height elementor-section-boxed elementor-section-height-default elementor-section-items-middle\" data-id=\"40883308\" data-element_type=\"section\" data-settings=\"{&quot;background_background&quot;:&quot;slideshow&quot;,&quot;background_slideshow_gallery&quot;:[{&quot;id&quot;:10185,&quot;url&quot;:&quot;https:\\\/\\\/www.bergsgard.se\\\/wp-content\\\/uploads\\\/2024\\\/03\\\/hustopp.jpg&quot;},{&quot;id&quot;:10186,&quot;url&quot;:&quot;https:\\\/\\\/www.bergsgard.se\\\/wp-content\\\/uploads\\\/2024\\\/03\\\/hustopp1.jpg&quot;}],&quot;background_slideshow_slide_duration&quot;:3500,&quot;background_slideshow_transition_duration&quot;:2500,&quot;background_slideshow_loop&quot;:&quot;yes&quot;,&quot;background_slideshow_slide_transition&quot;:&quot;fade&quot;}\">\n\t\t\t\t\t\t\t<div class=\"elementor-background-overlay\"><\/div>\n\t\t\t\t\t\t\t<div class=\"elementor-container elementor-column-gap-default\">\n\t\t\t\t\t<div class=\"elementor-column elementor-col-100 elementor-top-column elementor-element elementor-element-14d0f1ca\" data-id=\"14d0f1ca\" data-element_type=\"column\">\n\t\t\t<div class=\"elementor-widget-wrap elementor-element-populated\">\n\t\t\t\t\t\t<div class=\"elementor-element elementor-element-4c05e893 elementor-widget elementor-widget-spacer\" data-id=\"4c05e893\" data-element_type=\"widget\" data-widget_type=\"spacer.default\">\n\t\t\t\t<div class=\"elementor-widget-container\">\n\t\t\t<style>\/*! elementor - v3.19.0 - 28-02-2024 *\/\n.elementor-column .elementor-spacer-inner{height:var(--spacer-size)}.e-con{--container-widget-width:100%}.e-con-inner>.elementor-widget-spacer,.e-con>.elementor-widget-spacer{width:var(--container-widget-width,var(--spacer-size));--align-self:var(--container-widget-align-self,initial);--flex-shrink:0}.e-con-inner>.elementor-widget-spacer>.elementor-widget-container,.e-con>.elementor-widget-spacer>.elementor-widget-container{height:100%;width:100%}.e-con-inner>.elementor-widget-spacer>.elementor-widget-container>.elementor-spacer,.e-con>.elementor-widget-spacer>.elementor-widget-container>.elementor-spacer{height:100%}.e-con-inner>.elementor-widget-spacer>.elementor-widget-container>.elementor-spacer>.elementor-spacer-inner,.e-con>.elementor-widget-spacer>.elementor-widget-container>.elementor-spacer>.elementor-spacer-inner{height:var(--container-widget-height,var(--spacer-size))}.e-con-inner>.elementor-widget-spacer.elementor-widget-empty,.e-con>.elementor-widget-spacer.elementor-widget-empty{position:relative;min-height:22px;min-width:22px}.e-con-inner>.elementor-widget-spacer.elementor-widget-empty .elementor-widget-empty-icon,.e-con>.elementor-widget-spacer.elementor-widget-empty .elementor-widget-empty-icon{position:absolute;top:0;bottom:0;left:0;right:0;margin:auto;padding:0;width:22px;height:22px}<\/style>\t\t<div class=\"elementor-spacer\">\n\t\t\t<div class=\"elementor-spacer-inner\"><\/div>\n\t\t<\/div>\n\t\t\t\t<\/div>\n\t\t\t\t<\/div>\n\t\t\t\t\t<\/div>\n\t\t<\/div>\n\t\t\t\t\t<\/div>\n\t\t<\/section>\n\t\t\t\t<section data-particle_enable=\"false\" data-particle-mobile-disabled=\"false\" class=\"elementor-section elementor-top-section elementor-element elementor-element-42a9c5f elementor-section-boxed elementor-section-height-default elementor-section-height-default\" data-id=\"42a9c5f\" data-element_type=\"section\">\n\t\t\t\t\t\t<div class=\"elementor-container elementor-column-gap-default\">\n\t\t\t\t\t<div class=\"elementor-column elementor-col-100 elementor-top-column elementor-element elementor-element-21e6192\" data-id=\"21e6192\" data-element_type=\"column\">\n\t\t\t<div class=\"elementor-widget-wrap elementor-element-populated\">\n\t\t\t\t\t\t<div class=\"elementor-element elementor-element-f93d412 elementor-hidden-mobile elementor-widget elementor-widget-spacer\" data-id=\"f93d412\" data-element_type=\"widget\" data-widget_type=\"spacer.default\">\n\t\t\t\t<div class=\"elementor-widget-container\">\n\t\t\t\t\t<div class=\"elementor-spacer\">\n\t\t\t<div class=\"elementor-spacer-inner\"><\/div>\n\t\t<\/div>\n\t\t\t\t<\/div>\n\t\t\t\t<\/div>\n\t\t\t\t\t<\/div>\n\t\t<\/div>\n\t\t\t\t\t<\/div>\n\t\t<\/section>\n\t\t\t\t<section data-particle_enable=\"false\" data-particle-mobile-disabled=\"false\" class=\"elementor-section elementor-top-section elementor-element elementor-element-c3c9329 elementor-section-boxed elementor-section-height-default elementor-section-height-default\" data-id=\"c3c9329\" data-element_type=\"section\">\n\t\t\t\t\t\t<div class=\"elementor-container elementor-column-gap-default\">\n\t\t\t\t\t<div class=\"elementor-column elementor-col-50 elementor-top-column elementor-element elementor-element-466f1f0\" data-id=\"466f1f0\" data-element_type=\"column\">\n\t\t\t<div class=\"elementor-widget-wrap elementor-element-populated\">\n\t\t\t\t\t\t<div class=\"elementor-element elementor-element-8850792 elementor-widget elementor-widget-heading\" data-id=\"8850792\" data-element_type=\"widget\" data-widget_type=\"heading.default\">\n\t\t\t\t<div class=\"elementor-widget-container\">\n\t\t\t<style>\/*! elementor - v3.19.0 - 28-02-2024 *\/\n.elementor-heading-title{padding:0;margin:0;line-height:1}.elementor-widget-heading .elementor-heading-title[class*=elementor-size-]>a{color:inherit;font-size:inherit;line-height:inherit}.elementor-widget-heading .elementor-heading-title.elementor-size-small{font-size:15px}.elementor-widget-heading .elementor-heading-title.elementor-size-medium{font-size:19px}.elementor-widget-heading .elementor-heading-title.elementor-size-large{font-size:29px}.elementor-widget-heading .elementor-heading-title.elementor-size-xl{font-size:39px}.elementor-widget-heading .elementor-heading-title.elementor-size-xxl{font-size:59px}<\/style><h2 class=\"elementor-heading-title elementor-size-default\">A stay in peace and quiet<\/h2>\t\t<\/div>\n\t\t\t\t<\/div>\n\t\t\t\t<div class=\"elementor-element elementor-element-291529c elementor-widget elementor-widget-text-editor\" data-id=\"291529c\" data-element_type=\"widget\" data-widget_type=\"text-editor.default\">\n\t\t\t\t<div class=\"elementor-widget-container\">\n\t\t\t<style>\/*! elementor - v3.19.0 - 28-02-2024 *\/\n.elementor-widget-text-editor.elementor-drop-cap-view-stacked .elementor-drop-cap{background-color:#69727d;color:#fff}.elementor-widget-text-editor.elementor-drop-cap-view-framed .elementor-drop-cap{color:#69727d;border:3px solid;background-color:transparent}.elementor-widget-text-editor:not(.elementor-drop-cap-view-default) .elementor-drop-cap{margin-top:8px}.elementor-widget-text-editor:not(.elementor-drop-cap-view-default) .elementor-drop-cap-letter{width:1em;height:1em}.elementor-widget-text-editor .elementor-drop-cap{float:left;text-align:center;line-height:1;font-size:50px}.elementor-widget-text-editor .elementor-drop-cap-letter{display:inline-block}<\/style>\t\t\t\t<p>Bergs g\u00e5rd is a family farm and we are very keen to ensure that there is a calm and pleasant atmosphere at all our facilities: Bergs g\u00e5rd, Br\u00f6llopsviken and H\u00e5llsvikens G\u00e5rd.<\/p>\n<p><span style=\"font-size: 1rem;\">Our cottages and accommodations are for relaxation and tranquility, if you are planning festivities and celebrations with a slightly higher noise level, please contact us for more information.<\/span><\/p>\n\t\t\t\t\t\t<\/div>\n\t\t\t\t<\/div>\n\t\t\t\t<div class=\"elementor-element elementor-element-20ff3ce elementor-align-center elementor-widget elementor-widget-button\" data-id=\"20ff3ce\" data-element_type=\"widget\" data-widget_type=\"button.default\">\n\t\t\t\t<div class=\"elementor-widget-container\">\n\t\t\t\t\t<div class=\"elementor-button-wrapper\">\n\t\t\t<a class=\"elementor-button elementor-button-link elementor-size-sm\" href=\"https:\/\/www.bergsgard.se\/en\/contact-us\/\">\n\t\t\t\t\t\t<span class=\"elementor-button-content-wrapper\">\n\t\t\t\t\t\t<span class=\"elementor-button-text\">Contact Us<\/span>\n\t\t<\/span>\n\t\t\t\t\t<\/a>\n\t\t<\/div>\n\t\t\t\t<\/div>\n\t\t\t\t<\/div>\n\t\t\t\t\t<\/div>\n\t\t<\/div>\n\t\t\t\t<div class=\"elementor-column elementor-col-50 elementor-top-column elementor-element elementor-element-6899598\" data-id=\"6899598\" data-element_type=\"column\">\n\t\t\t<div class=\"elementor-widget-wrap elementor-element-populated\">\n\t\t\t\t\t\t<div class=\"elementor-element elementor-element-e8e0ef4 elementor-widget elementor-widget-image\" data-id=\"e8e0ef4\" data-element_type=\"widget\" data-widget_type=\"image.default\">\n\t\t\t\t<div class=\"elementor-widget-container\">\n\t\t\t<style>\/*! elementor - v3.19.0 - 28-02-2024 *\/\n.elementor-widget-image{text-align:center}.elementor-widget-image a{display:inline-block}.elementor-widget-image a img[src$=\".svg\"]{width:48px}.elementor-widget-image img{vertical-align:middle;display:inline-block}<\/style>\t\t\t\t\t\t\t\t\t\t<img fetchpriority=\"high\" decoding=\"async\" width=\"800\" height=\"600\" src=\"https:\/\/www.bergsgard.se\/wp-content\/uploads\/2022\/02\/o3a0683-1024x768.jpg\" class=\"attachment-large size-large wp-image-394\" alt=\"Familjen Jonsson p\u00e5 Bergs g\u00e5rd\" srcset=\"https:\/\/www.bergsgard.se\/wp-content\/uploads\/2022\/02\/o3a0683-1024x768.jpg 1024w, https:\/\/www.bergsgard.se\/wp-content\/uploads\/2022\/02\/o3a0683-300x225.jpg 300w, https:\/\/www.bergsgard.se\/wp-content\/uploads\/2022\/02\/o3a0683-768x576.jpg 768w, https:\/\/www.bergsgard.se\/wp-content\/uploads\/2022\/02\/o3a0683-1536x1152.jpg 1536w, https:\/\/www.bergsgard.se\/wp-content\/uploads\/2022\/02\/o3a0683-2048x1536.jpg 2048w\" sizes=\"(max-width: 800px) 100vw, 800px\" \/>\t\t\t\t\t\t\t\t\t\t\t\t\t<\/div>\n\t\t\t\t<\/div>\n\t\t\t\t\t<\/div>\n\t\t<\/div>\n\t\t\t\t\t<\/div>\n\t\t<\/section>\n\t\t\t\t<section data-particle_enable=\"false\" data-particle-mobile-disabled=\"false\" class=\"elementor-section elementor-top-section elementor-element elementor-element-df1cb9d elementor-section-boxed elementor-section-height-default elementor-section-height-default\" data-id=\"df1cb9d\" data-element_type=\"section\">\n\t\t\t\t\t\t<div class=\"elementor-container elementor-column-gap-default\">\n\t\t\t\t\t<div class=\"elementor-column elementor-col-50 elementor-top-column elementor-element elementor-element-afa2b8e\" data-id=\"afa2b8e\" data-element_type=\"column\">\n\t\t\t<div class=\"elementor-widget-wrap elementor-element-populated\">\n\t\t\t\t\t\t<div class=\"elementor-element elementor-element-49a6791 elementor-widget elementor-widget-heading\" data-id=\"49a6791\" data-element_type=\"widget\" data-widget_type=\"heading.default\">\n\t\t\t\t<div class=\"elementor-widget-container\">\n\t\t\t<h2 class=\"elementor-heading-title elementor-size-default\">Conduct<\/h2>\t\t<\/div>\n\t\t\t\t<\/div>\n\t\t\t\t<div class=\"elementor-element elementor-element-916f0cd elementor-widget elementor-widget-text-editor\" data-id=\"916f0cd\" data-element_type=\"widget\" data-widget_type=\"text-editor.default\">\n\t\t\t\t<div class=\"elementor-widget-container\">\n\t\t\t\t\t\t\t<ul>\n<li>Show consideration for your neighbors! Disruptive behavior will not be accepted. Quiet hours are between. 23:00 &#8211; 07:00.<\/li>\n<li>Guests are not allowed to stay on the grounds of private houses that are adjacent to our facilities.<\/li>\n<li>Leave garbage in the designated place (information is available in your accommodation), do not leave garbage outside.<\/li>\n<li>Take good care of the home. The Booking Holder is responsible for damage to buildings or inventory caused by someone in the party.<\/li>\n<li>Dogs must <u><b>always<\/b><\/u> be on a leash. For everyone&#8217;s comfort, the dog is not walked directly adjacent to the accommodations. Pick up after your dogs.<\/li>\n<li>Barbecues may take place under supervision and with shown consideration for your neighbors. Empty the grill after use.<\/li>\n<\/ul>\n<ul>\n<li>\n<p>Motor vehicles are parked in the designated parking space. Parking may only take place in marked places, each cottage has at least one parking space adjacent to the accommodation, other vehicles are parked in the visitor parking.<\/p>\n<\/li>\n<\/ul>\n\t\t\t\t\t\t<\/div>\n\t\t\t\t<\/div>\n\t\t\t\t\t<\/div>\n\t\t<\/div>\n\t\t\t\t<div class=\"elementor-column elementor-col-50 elementor-top-column elementor-element elementor-element-e167143\" data-id=\"e167143\" data-element_type=\"column\">\n\t\t\t<div class=\"elementor-widget-wrap elementor-element-populated\">\n\t\t\t\t\t\t<div class=\"elementor-element elementor-element-eb09f5b elementor-widget elementor-widget-image\" data-id=\"eb09f5b\" data-element_type=\"widget\" data-widget_type=\"image.default\">\n\t\t\t\t<div class=\"elementor-widget-container\">\n\t\t\t\t\t\t\t\t\t\t\t\t\t<img decoding=\"async\" width=\"800\" height=\"534\" src=\"https:\/\/www.bergsgard.se\/wp-content\/uploads\/2022\/02\/jarefalkphotography_bergsga\u030ard_2023_020-1024x683.jpg\" class=\"attachment-large size-large wp-image-9688\" alt=\"\" srcset=\"https:\/\/www.bergsgard.se\/wp-content\/uploads\/2022\/02\/jarefalkphotography_bergsga\u030ard_2023_020-1024x683.jpg 1024w, https:\/\/www.bergsgard.se\/wp-content\/uploads\/2022\/02\/jarefalkphotography_bergsga\u030ard_2023_020-300x200.jpg 300w, https:\/\/www.bergsgard.se\/wp-content\/uploads\/2022\/02\/jarefalkphotography_bergsga\u030ard_2023_020-768x512.jpg 768w, https:\/\/www.bergsgard.se\/wp-content\/uploads\/2022\/02\/jarefalkphotography_bergsga\u030ard_2023_020-1536x1024.jpg 1536w, https:\/\/www.bergsgard.se\/wp-content\/uploads\/2022\/02\/jarefalkphotography_bergsga\u030ard_2023_020.jpg 2048w\" sizes=\"(max-width: 800px) 100vw, 800px\" \/>\t\t\t\t\t\t\t\t\t\t\t\t\t<\/div>\n\t\t\t\t<\/div>\n\t\t\t\t\t<\/div>\n\t\t<\/div>\n\t\t\t\t\t<\/div>\n\t\t<\/section>\n\t\t\t\t<section data-particle_enable=\"false\" data-particle-mobile-disabled=\"false\" class=\"elementor-section elementor-top-section elementor-element elementor-element-28de419 elementor-section-boxed elementor-section-height-default elementor-section-height-default\" data-id=\"28de419\" data-element_type=\"section\">\n\t\t\t\t\t\t<div class=\"elementor-container elementor-column-gap-default\">\n\t\t\t\t\t<div class=\"elementor-column elementor-col-100 elementor-top-column elementor-element elementor-element-89dcda9\" data-id=\"89dcda9\" data-element_type=\"column\">\n\t\t\t<div class=\"elementor-widget-wrap elementor-element-populated\">\n\t\t\t\t\t\t<div class=\"elementor-element elementor-element-8c3ea8f elementor-widget elementor-widget-spacer\" data-id=\"8c3ea8f\" data-element_type=\"widget\" data-widget_type=\"spacer.default\">\n\t\t\t\t<div class=\"elementor-widget-container\">\n\t\t\t\t\t<div class=\"elementor-spacer\">\n\t\t\t<div class=\"elementor-spacer-inner\"><\/div>\n\t\t<\/div>\n\t\t\t\t<\/div>\n\t\t\t\t<\/div>\n\t\t\t\t\t<\/div>\n\t\t<\/div>\n\t\t\t\t\t<\/div>\n\t\t<\/section>\n\t\t\t\t<section data-particle_enable=\"false\" data-particle-mobile-disabled=\"false\" class=\"elementor-section elementor-top-section elementor-element elementor-element-28bd07f elementor-section-boxed elementor-section-height-default elementor-section-height-default\" data-id=\"28bd07f\" data-element_type=\"section\">\n\t\t\t\t\t\t<div class=\"elementor-container elementor-column-gap-default\">\n\t\t\t\t\t<div class=\"elementor-column elementor-col-50 elementor-top-column elementor-element elementor-element-5a8b5cb\" data-id=\"5a8b5cb\" data-element_type=\"column\">\n\t\t\t<div class=\"elementor-widget-wrap elementor-element-populated\">\n\t\t\t\t\t\t<div class=\"elementor-element elementor-element-fd07831 elementor-widget elementor-widget-heading\" data-id=\"fd07831\" data-element_type=\"widget\" data-widget_type=\"heading.default\">\n\t\t\t\t<div class=\"elementor-widget-container\">\n\t\t\t<h2 class=\"elementor-heading-title elementor-size-default\">An active organic farm<\/h2>\t\t<\/div>\n\t\t\t\t<\/div>\n\t\t\t\t<div class=\"elementor-element elementor-element-ca9202d elementor-widget elementor-widget-text-editor\" data-id=\"ca9202d\" data-element_type=\"widget\" data-widget_type=\"text-editor.default\">\n\t\t\t\t<div class=\"elementor-widget-container\">\n\t\t\t\t\t\t\t<p>Berg&#8217;s G\u00e5rd is an active organic farm with animals such as sheep, chickens and cows. The animals are outside for the major part of the year and they are <span style=\"text-decoration: underline;\"><b>not<\/b><\/span> allowed to be visited within their enclosures. <\/p>\n<p>Please do not disturb the farm animals. You are only allowed to walk outside the enclosures and pastures to look at the animals. Keep in mind that loud noises and rapid movements can frighten animals. Guardians are responsible for minors.<\/p>\n<p>In the event that one or more animals are outside a pasture or enclosure, do not approach them and contact staff on site!<\/p>\n\t\t\t\t\t\t<\/div>\n\t\t\t\t<\/div>\n\t\t\t\t\t<\/div>\n\t\t<\/div>\n\t\t\t\t<div class=\"elementor-column elementor-col-50 elementor-top-column elementor-element elementor-element-6c0c7ab\" data-id=\"6c0c7ab\" data-element_type=\"column\">\n\t\t\t<div class=\"elementor-widget-wrap elementor-element-populated\">\n\t\t\t\t\t\t<div class=\"elementor-element elementor-element-b3c3042 elementor-widget elementor-widget-image\" data-id=\"b3c3042\" data-element_type=\"widget\" data-widget_type=\"image.default\">\n\t\t\t\t<div class=\"elementor-widget-container\">\n\t\t\t\t\t\t\t\t\t\t\t\t\t<img decoding=\"async\" width=\"800\" height=\"521\" src=\"https:\/\/www.bergsgard.se\/wp-content\/uploads\/2024\/04\/korbergsgard-1024x667.jpg\" class=\"attachment-large size-large wp-image-11863\" alt=\"Gr\u00e4dbeteskor p\u00e5 Bergs g\u00e5rd\" srcset=\"https:\/\/www.bergsgard.se\/wp-content\/uploads\/2024\/04\/korbergsgard-1024x667.jpg 1024w, https:\/\/www.bergsgard.se\/wp-content\/uploads\/2024\/04\/korbergsgard-300x195.jpg 300w, https:\/\/www.bergsgard.se\/wp-content\/uploads\/2024\/04\/korbergsgard-768x500.jpg 768w, https:\/\/www.bergsgard.se\/wp-content\/uploads\/2024\/04\/korbergsgard-1536x1000.jpg 1536w, https:\/\/www.bergsgard.se\/wp-content\/uploads\/2024\/04\/korbergsgard.jpg 1920w\" sizes=\"(max-width: 800px) 100vw, 800px\" \/>\t\t\t\t\t\t\t\t\t\t\t\t\t<\/div>\n\t\t\t\t<\/div>\n\t\t\t\t\t<\/div>\n\t\t<\/div>\n\t\t\t\t\t<\/div>\n\t\t<\/section>\n\t\t\t\t<\/div>\n\t\t","protected":false},"excerpt":{"rendered":"<p>A stay in peace and quiet Bergs g\u00e5rd is a family farm and we are very keen to ensure that there is a calm and pleasant atmosphere at all our facilities: Bergs g\u00e5rd, Br\u00f6llopsviken and H\u00e5llsvikens G\u00e5rd. Our cottages and accommodations are for relaxation and tranquility, if you are planning festivities and celebrations with a [&hellip;]<\/p>\n","protected":false},"author":5,"featured_media":11368,"parent":0,"menu_order":0,"comment_status":"closed","ping_status":"closed","template":"","meta":{"_seopress_robots_primary_cat":"","_seopress_titles_title":"Rules of conduct for residents and visitors in our cottages","_seopress_titles_desc":"A lovely stay in peace and quiet for the whole family. Here you will find rules of conduct for our overnight guests and day visitors in our accommodations.","_seopress_robots_index":"","footnotes":""},"Pagecategories":[],"class_list":["post-11881","page","type-page","status-publish","has-post-thumbnail","hentry"],"meta_box":[],"publishpress_future_action":{"enabled":false,"date":"2026-04-24 13:59:06","action":"change-status","newStatus":"draft","terms":[],"taxonomy":"translation_priority"},"_links":{"self":[{"href":"https:\/\/www.bergsgard.se\/en\/wp-json\/wp\/v2\/pages\/11881","targetHints":{"allow":["GET"]}}],"collection":[{"href":"https:\/\/www.bergsgard.se\/en\/wp-json\/wp\/v2\/pages"}],"about":[{"href":"https:\/\/www.bergsgard.se\/en\/wp-json\/wp\/v2\/types\/page"}],"author":[{"embeddable":true,"href":"https:\/\/www.bergsgard.se\/en\/wp-json\/wp\/v2\/users\/5"}],"replies":[{"embeddable":true,"href":"https:\/\/www.bergsgard.se\/en\/wp-json\/wp\/v2\/comments?post=11881"}],"version-history":[{"count":10,"href":"https:\/\/www.bergsgard.se\/en\/wp-json\/wp\/v2\/pages\/11881\/revisions"}],"predecessor-version":[{"id":16351,"href":"https:\/\/www.bergsgard.se\/en\/wp-json\/wp\/v2\/pages\/11881\/revisions\/16351"}],"wp:featuredmedia":[{"embeddable":true,"href":"https:\/\/www.bergsgard.se\/en\/wp-json\/wp\/v2\/media\/11368"}],"wp:attachment":[{"href":"https:\/\/www.bergsgard.se\/en\/wp-json\/wp\/v2\/media?parent=11881"}],"wp:term":[{"taxonomy":"Pagecategories","embeddable":true,"href":"https:\/\/www.bergsgard.se\/en\/wp-json\/wp\/v2\/Pagecategories?post=11881"}],"curies":[{"name":"wp","href":"https:\/\/api.w.org\/{rel}","templated":true}]}}